{"id":3995,"date":"2026-03-18T00:16:48","date_gmt":"2026-03-18T00:16:48","guid":{"rendered":"https:\/\/kalrez.com.mx\/index.php\/producto\/kalt-230-1050lf-std-oring-1-b\/"},"modified":"2026-03-18T00:50:47","modified_gmt":"2026-03-18T00:50:47","slug":"kalt-230-1050lf-std-oring-1-b","status":"publish","type":"product","link":"https:\/\/kalrez.com.mx\/index.php\/producto\/kalt-230-1050lf-std-oring-1-b\/","title":{"rendered":"KALT 230\/1050LF STD ORING 1\/B"},"content":{"rendered":"<p>Compuesto legacy con buen desempe\u00f1o en agua caliente\/vapor y excelente resistencia a aminas.<\/p>\n<ul>\n<li><strong>SKU:<\/strong> KAL12978196<\/li>\n<li><strong>Descripci\u00f3n fabricante:<\/strong> KALT 230\/1050LF STD ORING 1\/B<\/li>\n<li><strong>Compuesto:<\/strong> Kalrez\u00ae 1050LF<\/li>\n<li><strong>Tipo de producto:<\/strong> O-Ring est\u00e1ndar<\/li>\n<li><strong>Est\u00e1ndar:<\/strong> AS568\/Est\u00e1ndar<\/li>\n<li><strong>C\u00f3digo de medida:<\/strong> 230<\/li>\n<li><strong>Industria sugerida:<\/strong> Procesos qu\u00edmicos<\/li>\n<li><strong>Aplicaciones t\u00edpicas:<\/strong> O-rings y sellos de proceso qu\u00edmico<\/li>\n<li><strong>Capacidades clave:<\/strong> Agua caliente; Vapor; Aminas<\/li>\n<li><strong>Temperatura m\u00e1xima sugerida:<\/strong> 288 \u00b0C<\/li>\n<li><strong>Dureza:<\/strong> 82 Shore A<\/li>\n<li><strong>Color:<\/strong> Negro<\/li>\n<li><strong>Cumplimiento\/observaciones:<\/strong> Compuesto legacy<\/li>\n<\/ul>\n<p><em>Nota:<\/em> la selecci\u00f3n final del compuesto debe validarse con qu\u00edmico, temperatura, presi\u00f3n, dise\u00f1o del sello y condiciones de operaci\u00f3n reales.<\/p>\n","protected":false},"excerpt":{"rendered":"<p>O-Ring est\u00e1ndar en FFKM Kalrez 1050LF con c\u00f3digo de medida 230. Compuesto legacy con buen desempe\u00f1o en agua caliente\/vapor y excelente resistencia a aminas. No suele ser la primera opci\u00f3n para \u00e1cidos org\u00e1nicos o inorg\u00e1nicos a alta temperatura.<\/p>\n","protected":false},"featured_media":0,"template":"","meta":[],"product_brand":[],"product_cat":[56,52,65],"product_tag":[221,220,90,82,78,74,73,76,77,91],"class_list":{"0":"post-3995","1":"product","2":"type-product","3":"status-publish","5":"product_cat-kalrez-1050lf","6":"product_cat-kalrez-orings","7":"product_cat-kalrez-procesos-quimicos","8":"product_tag-1050lf","9":"product_tag-220","10":"product_tag-agua-caliente","11":"product_tag-aminas","12":"product_tag-as568-estandar","13":"product_tag-ffkm","14":"product_tag-kalrez","15":"product_tag-o-ring","16":"product_tag-procesos-quimicos","17":"product_tag-vapor","19":"first","20":"instock","21":"taxable","22":"shipping-taxable","23":"product-type-simple"},"_links":{"self":[{"href":"https:\/\/kalrez.com.mx\/index.php\/wp-json\/wp\/v2\/product\/3995","targetHints":{"allow":["GET"]}}],"collection":[{"href":"https:\/\/kalrez.com.mx\/index.php\/wp-json\/wp\/v2\/product"}],"about":[{"href":"https:\/\/kalrez.com.mx\/index.php\/wp-json\/wp\/v2\/types\/product"}],"wp:attachment":[{"href":"https:\/\/kalrez.com.mx\/index.php\/wp-json\/wp\/v2\/media?parent=3995"}],"wp:term":[{"taxonomy":"product_brand","embeddable":true,"href":"https:\/\/kalrez.com.mx\/index.php\/wp-json\/wp\/v2\/product_brand?post=3995"},{"taxonomy":"product_cat","embeddable":true,"href":"https:\/\/kalrez.com.mx\/index.php\/wp-json\/wp\/v2\/product_cat?post=3995"},{"taxonomy":"product_tag","embeddable":true,"href":"https:\/\/kalrez.com.mx\/index.php\/wp-json\/wp\/v2\/product_tag?post=3995"}],"curies":[{"name":"wp","href":"https:\/\/api.w.org\/{rel}","templated":true}]}}