{"id":4012,"date":"2026-03-18T00:17:06","date_gmt":"2026-03-18T00:17:06","guid":{"rendered":"https:\/\/kalrez.com.mx\/index.php\/producto\/kalt-247-4079-std-oring-1-b\/"},"modified":"2026-03-18T00:50:54","modified_gmt":"2026-03-18T00:50:54","slug":"kalt-247-4079-std-oring-1-b","status":"publish","type":"product","link":"https:\/\/kalrez.com.mx\/index.php\/producto\/kalt-247-4079-std-oring-1-b\/","title":{"rendered":"KALT 247\/4079 STD ORING 1\/B"},"content":{"rendered":"<p>Compuesto de uso general con baja deformaci\u00f3n permanente por compresi\u00f3n y buena respuesta a ciclos t\u00e9rmicos.<\/p>\n<ul>\n<li><strong>SKU:<\/strong> KAL12979434<\/li>\n<li><strong>Descripci\u00f3n fabricante:<\/strong> KALT 247\/4079 STD ORING 1\/B<\/li>\n<li><strong>Compuesto:<\/strong> Kalrez\u00ae 4079<\/li>\n<li><strong>Tipo de producto:<\/strong> O-Ring est\u00e1ndar<\/li>\n<li><strong>Est\u00e1ndar:<\/strong> AS568\/Est\u00e1ndar<\/li>\n<li><strong>C\u00f3digo de medida:<\/strong> 247<\/li>\n<li><strong>Industria sugerida:<\/strong> Procesos qu\u00edmicos<\/li>\n<li><strong>Aplicaciones t\u00edpicas:<\/strong> O-rings, diafragmas, sellos y piezas de proceso<\/li>\n<li><strong>Capacidades clave:<\/strong> Uso general; Baja compresi\u00f3n permanente; \u00c1cidos org\u00e1nicos e inorg\u00e1nicos<\/li>\n<li><strong>Temperatura m\u00e1xima sugerida:<\/strong> 316 \u00b0C<\/li>\n<li><strong>Dureza:<\/strong> 75 Shore A<\/li>\n<li><strong>Color:<\/strong> Negro<\/li>\n<li><strong>Cumplimiento\/observaciones:<\/strong> FFKM de alto desempe\u00f1o<\/li>\n<\/ul>\n<p><em>Nota:<\/em> la selecci\u00f3n final del compuesto debe validarse con qu\u00edmico, temperatura, presi\u00f3n, dise\u00f1o del sello y condiciones de operaci\u00f3n reales.<\/p>\n","protected":false},"excerpt":{"rendered":"<p>O-Ring est\u00e1ndar en FFKM Kalrez 4079 con c\u00f3digo de medida 247. Compuesto de uso general con baja deformaci\u00f3n permanente por compresi\u00f3n y buena respuesta a ciclos t\u00e9rmicos. No suele ser la primera opci\u00f3n para agua caliente\/vapor ni ciertas aminas alif\u00e1ticas calientes.<\/p>\n","protected":false},"featured_media":0,"template":"","meta":[],"product_brand":[],"product_cat":[57,52,65],"product_tag":[264,106,109,78,108,74,73,76,77,84],"class_list":{"0":"post-4012","1":"product","2":"type-product","3":"status-publish","5":"product_cat-kalrez-4079","6":"product_cat-kalrez-orings","7":"product_cat-kalrez-procesos-quimicos","8":"product_tag-264","9":"product_tag-106","10":"product_tag-acidos-organicos-e-inorganicos","11":"product_tag-as568-estandar","12":"product_tag-baja-compresion-permanente","13":"product_tag-ffkm","14":"product_tag-kalrez","15":"product_tag-o-ring","16":"product_tag-procesos-quimicos","17":"product_tag-uso-general","19":"first","20":"instock","21":"taxable","22":"shipping-taxable","23":"product-type-simple"},"_links":{"self":[{"href":"https:\/\/kalrez.com.mx\/index.php\/wp-json\/wp\/v2\/product\/4012","targetHints":{"allow":["GET"]}}],"collection":[{"href":"https:\/\/kalrez.com.mx\/index.php\/wp-json\/wp\/v2\/product"}],"about":[{"href":"https:\/\/kalrez.com.mx\/index.php\/wp-json\/wp\/v2\/types\/product"}],"wp:attachment":[{"href":"https:\/\/kalrez.com.mx\/index.php\/wp-json\/wp\/v2\/media?parent=4012"}],"wp:term":[{"taxonomy":"product_brand","embeddable":true,"href":"https:\/\/kalrez.com.mx\/index.php\/wp-json\/wp\/v2\/product_brand?post=4012"},{"taxonomy":"product_cat","embeddable":true,"href":"https:\/\/kalrez.com.mx\/index.php\/wp-json\/wp\/v2\/product_cat?post=4012"},{"taxonomy":"product_tag","embeddable":true,"href":"https:\/\/kalrez.com.mx\/index.php\/wp-json\/wp\/v2\/product_tag?post=4012"}],"curies":[{"name":"wp","href":"https:\/\/api.w.org\/{rel}","templated":true}]}}