{"id":4304,"date":"2026-03-18T00:21:54","date_gmt":"2026-03-18T00:21:54","guid":{"rendered":"https:\/\/kalrez.com.mx\/index.php\/producto\/kalt-229-0040-std-oring-1-b\/"},"modified":"2026-03-18T00:53:39","modified_gmt":"2026-03-18T00:53:39","slug":"kalt-229-0040-std-oring-1-b","status":"publish","type":"product","link":"https:\/\/kalrez.com.mx\/index.php\/producto\/kalt-229-0040-std-oring-1-b\/","title":{"rendered":"KALT 229\/0040 STD ORING 1\/B"},"content":{"rendered":"<p>Dise\u00f1ado espec\u00edficamente para entornos de baja temperatura con necesidad de resistencia qu\u00edmica significativa.<\/p>\n<ul>\n<li><strong>SKU:<\/strong> KAL14734286<\/li>\n<li><strong>Descripci\u00f3n fabricante:<\/strong> KALT 229\/0040 STD ORING 1\/B<\/li>\n<li><strong>Compuesto:<\/strong> Kalrez\u00ae Spectrum\u2122 0040<\/li>\n<li><strong>Tipo de producto:<\/strong> O-Ring est\u00e1ndar<\/li>\n<li><strong>Est\u00e1ndar:<\/strong> AS568\/Est\u00e1ndar<\/li>\n<li><strong>C\u00f3digo de medida:<\/strong> 229<\/li>\n<li><strong>Industria sugerida:<\/strong> Procesos qu\u00edmicos \/ baja temperatura<\/li>\n<li><strong>Aplicaciones t\u00edpicas:<\/strong> Acoplamientos y sellado qu\u00edmico en ambientes fr\u00edos<\/li>\n<li><strong>Capacidades clave:<\/strong> Baja temperatura; Resistencia qu\u00edmica; Elasticidad a fr\u00edo<\/li>\n<li><strong>Temperatura m\u00e1xima sugerida:<\/strong> 220 \u00b0C<\/li>\n<li><strong>Dureza:<\/strong> 70 Shore A<\/li>\n<li><strong>Color:<\/strong> Negro<\/li>\n<li><strong>Cumplimiento\/observaciones:<\/strong> FFKM de alto desempe\u00f1o<\/li>\n<\/ul>\n<p><em>Nota:<\/em> la selecci\u00f3n final del compuesto debe validarse con qu\u00edmico, temperatura, presi\u00f3n, dise\u00f1o del sello y condiciones de operaci\u00f3n reales.<\/p>\n","protected":false},"excerpt":{"rendered":"<p>O-Ring est\u00e1ndar en FFKM Kalrez 0040 con c\u00f3digo de medida 229. Dise\u00f1ado espec\u00edficamente para entornos de baja temperatura con necesidad de resistencia qu\u00edmica significativa. Puede sellar a temperaturas cercanas a -42 \u00b0C, poco com\u00fan para un FFKM.<\/p>\n","protected":false},"featured_media":0,"template":"","meta":[],"product_brand":[],"product_cat":[54,52,67],"product_tag":[93,219,78,96,98,74,73,76,77,97],"class_list":{"0":"post-4304","1":"product","2":"type-product","3":"status-publish","5":"product_cat-kalrez-0040","6":"product_cat-kalrez-orings","7":"product_cat-kalrez-procesos-quimicos-baja-temperatura","8":"product_tag-93","9":"product_tag-219","10":"product_tag-as568-estandar","11":"product_tag-baja-temperatura","12":"product_tag-elasticidad-a-frio","13":"product_tag-ffkm","14":"product_tag-kalrez","15":"product_tag-o-ring","16":"product_tag-procesos-quimicos","17":"product_tag-resistencia-quimica","19":"first","20":"instock","21":"taxable","22":"shipping-taxable","23":"product-type-simple"},"_links":{"self":[{"href":"https:\/\/kalrez.com.mx\/index.php\/wp-json\/wp\/v2\/product\/4304","targetHints":{"allow":["GET"]}}],"collection":[{"href":"https:\/\/kalrez.com.mx\/index.php\/wp-json\/wp\/v2\/product"}],"about":[{"href":"https:\/\/kalrez.com.mx\/index.php\/wp-json\/wp\/v2\/types\/product"}],"wp:attachment":[{"href":"https:\/\/kalrez.com.mx\/index.php\/wp-json\/wp\/v2\/media?parent=4304"}],"wp:term":[{"taxonomy":"product_brand","embeddable":true,"href":"https:\/\/kalrez.com.mx\/index.php\/wp-json\/wp\/v2\/product_brand?post=4304"},{"taxonomy":"product_cat","embeddable":true,"href":"https:\/\/kalrez.com.mx\/index.php\/wp-json\/wp\/v2\/product_cat?post=4304"},{"taxonomy":"product_tag","embeddable":true,"href":"https:\/\/kalrez.com.mx\/index.php\/wp-json\/wp\/v2\/product_tag?post=4304"}],"curies":[{"name":"wp","href":"https:\/\/api.w.org\/{rel}","templated":true}]}}