{"id":4315,"date":"2026-03-18T00:22:07","date_gmt":"2026-03-18T00:22:07","guid":{"rendered":"https:\/\/kalrez.com.mx\/index.php\/producto\/kalz-126-6230-std-oring-1-b\/"},"modified":"2026-03-18T00:53:44","modified_gmt":"2026-03-18T00:53:44","slug":"kalz-126-6230-std-oring-1-b","status":"publish","type":"product","link":"https:\/\/kalrez.com.mx\/index.php\/producto\/kalz-126-6230-std-oring-1-b\/","title":{"rendered":"KALZ 126\/6230 STD ORING 1\/B"},"content":{"rendered":"<p>Compuesto negro para contacto repetido con alimentos y procesos farmac\u00e9uticos con excelente resistencia a ciclos de vapor y bajos extra\u00edbles.<\/p>\n<ul>\n<li><strong>SKU:<\/strong> KAL14767203<\/li>\n<li><strong>Descripci\u00f3n fabricante:<\/strong> KALZ 126\/6230 STD ORING 1\/B<\/li>\n<li><strong>Compuesto:<\/strong> Kalrez\u00ae 6230<\/li>\n<li><strong>Tipo de producto:<\/strong> O-Ring est\u00e1ndar<\/li>\n<li><strong>Est\u00e1ndar:<\/strong> AS568\/Est\u00e1ndar<\/li>\n<li><strong>C\u00f3digo de medida:<\/strong> 126<\/li>\n<li><strong>Industria sugerida:<\/strong> Alimentos y farmac\u00e9utica<\/li>\n<li><strong>Aplicaciones t\u00edpicas:<\/strong> Procesamiento farmac\u00e9utico, alimentos, bebidas y life sciences<\/li>\n<li><strong>Capacidades clave:<\/strong> FDA; USP Class VI; Vapor; Bajos extra\u00edbles<\/li>\n<li><strong>Temperatura m\u00e1xima sugerida:<\/strong> Ver hoja t\u00e9cnica<\/li>\n<li><strong>Dureza:<\/strong> Ver hoja t\u00e9cnica<\/li>\n<li><strong>Color:<\/strong> Negro<\/li>\n<li><strong>Cumplimiento\/observaciones:<\/strong> FDA\/FCN 101; USP Class VI<\/li>\n<\/ul>\n<p><em>Nota:<\/em> la selecci\u00f3n final del compuesto debe validarse con qu\u00edmico, temperatura, presi\u00f3n, dise\u00f1o del sello y condiciones de operaci\u00f3n reales.<\/p>\n","protected":false},"excerpt":{"rendered":"<p>O-Ring est\u00e1ndar en FFKM Kalrez 6230 con c\u00f3digo de medida 126. Compuesto negro para contacto repetido con alimentos y procesos farmac\u00e9uticos con excelente resistencia a ciclos de vapor y bajos extra\u00edbles. Orientado a vida, farma y alimentos cuando importan cumplimiento y limpieza.<\/p>\n","protected":false},"featured_media":0,"template":"","meta":[],"product_brand":[],"product_cat":[58,70,52],"product_tag":[533,459,460,78,463,461,74,73,76,462,91],"class_list":{"0":"post-4315","1":"product","2":"type-product","3":"status-publish","5":"product_cat-kalrez-6230","6":"product_cat-kalrez-alimentos-farmaceutica","7":"product_cat-kalrez-orings","8":"product_tag-533","9":"product_tag-459","10":"product_tag-alimentos-y-farmaceutica","11":"product_tag-as568-estandar","12":"product_tag-bajos-extraibles","13":"product_tag-fda","14":"product_tag-ffkm","15":"product_tag-kalrez","16":"product_tag-o-ring","17":"product_tag-usp-class-vi","18":"product_tag-vapor","20":"first","21":"instock","22":"taxable","23":"shipping-taxable","24":"product-type-simple"},"_links":{"self":[{"href":"https:\/\/kalrez.com.mx\/index.php\/wp-json\/wp\/v2\/product\/4315","targetHints":{"allow":["GET"]}}],"collection":[{"href":"https:\/\/kalrez.com.mx\/index.php\/wp-json\/wp\/v2\/product"}],"about":[{"href":"https:\/\/kalrez.com.mx\/index.php\/wp-json\/wp\/v2\/types\/product"}],"wp:attachment":[{"href":"https:\/\/kalrez.com.mx\/index.php\/wp-json\/wp\/v2\/media?parent=4315"}],"wp:term":[{"taxonomy":"product_brand","embeddable":true,"href":"https:\/\/kalrez.com.mx\/index.php\/wp-json\/wp\/v2\/product_brand?post=4315"},{"taxonomy":"product_cat","embeddable":true,"href":"https:\/\/kalrez.com.mx\/index.php\/wp-json\/wp\/v2\/product_cat?post=4315"},{"taxonomy":"product_tag","embeddable":true,"href":"https:\/\/kalrez.com.mx\/index.php\/wp-json\/wp\/v2\/product_tag?post=4315"}],"curies":[{"name":"wp","href":"https:\/\/api.w.org\/{rel}","templated":true}]}}