{"id":4553,"date":"2026-03-18T00:26:30","date_gmt":"2026-03-18T00:26:30","guid":{"rendered":"https:\/\/kalrez.com.mx\/index.php\/producto\/kalt-237-6375-std-oring-1-b-1000203896-k\/"},"modified":"2026-03-18T00:55:59","modified_gmt":"2026-03-18T00:55:59","slug":"kalt-237-6375-std-oring-1-b-1000203896-k","status":"publish","type":"product","link":"https:\/\/kalrez.com.mx\/index.php\/producto\/kalt-237-6375-std-oring-1-b-1000203896-k\/","title":{"rendered":"KALT 237\/6375 STD ORING 1\/B-1000203896\/K"},"content":{"rendered":"<p>Uso general premium para O-rings, sellos, diafragmas y otras piezas en procesos qu\u00edmicos.<\/p>\n<ul>\n<li><strong>SKU:<\/strong> KALEB13041875<\/li>\n<li><strong>Descripci\u00f3n fabricante:<\/strong> KALT 237\/6375 STD ORING 1\/B-1000203896\/K<\/li>\n<li><strong>Compuesto:<\/strong> Kalrez\u00ae Spectrum\u2122 6375<\/li>\n<li><strong>Tipo de producto:<\/strong> O-Ring est\u00e1ndar<\/li>\n<li><strong>Est\u00e1ndar:<\/strong> AS568\/Est\u00e1ndar<\/li>\n<li><strong>C\u00f3digo de medida:<\/strong> 237<\/li>\n<li><strong>Industria sugerida:<\/strong> Procesos qu\u00edmicos<\/li>\n<li><strong>Aplicaciones t\u00edpicas:<\/strong> O-rings, sellos, diafragmas y piezas de proceso qu\u00edmico<\/li>\n<li><strong>Capacidades clave:<\/strong> \u00c1cidos; Bases; Aminas; Agua\/vapor; Uso general<\/li>\n<li><strong>Temperatura m\u00e1xima sugerida:<\/strong> 275 \u00b0C<\/li>\n<li><strong>Dureza:<\/strong> 75 Shore A<\/li>\n<li><strong>Color:<\/strong> Negro<\/li>\n<li><strong>Cumplimiento\/observaciones:<\/strong> FFKM de alto desempe\u00f1o<\/li>\n<\/ul>\n<p><em>Nota:<\/em> la selecci\u00f3n final del compuesto debe validarse con qu\u00edmico, temperatura, presi\u00f3n, dise\u00f1o del sello y condiciones de operaci\u00f3n reales.<\/p>\n","protected":false},"excerpt":{"rendered":"<p>O-Ring est\u00e1ndar en FFKM Kalrez 6375 con c\u00f3digo de medida 237. Uso general premium para O-rings, sellos, diafragmas y otras piezas en procesos qu\u00edmicos. Ideal para corrientes mixtas por su excelente resistencia a \u00e1cidos, bases y aminas.<\/p>\n","protected":false},"featured_media":0,"template":"","meta":[],"product_brand":[],"product_cat":[59,52,65],"product_tag":[228,75,80,83,82,78,81,74,73,76,77,84],"class_list":{"0":"post-4553","1":"product","2":"type-product","3":"status-publish","5":"product_cat-kalrez-6375","6":"product_cat-kalrez-orings","7":"product_cat-kalrez-procesos-quimicos","8":"product_tag-228","9":"product_tag-75","10":"product_tag-acidos","11":"product_tag-agua-vapor","12":"product_tag-aminas","13":"product_tag-as568-estandar","14":"product_tag-bases","15":"product_tag-ffkm","16":"product_tag-kalrez","17":"product_tag-o-ring","18":"product_tag-procesos-quimicos","19":"product_tag-uso-general","21":"first","22":"instock","23":"taxable","24":"shipping-taxable","25":"product-type-simple"},"_links":{"self":[{"href":"https:\/\/kalrez.com.mx\/index.php\/wp-json\/wp\/v2\/product\/4553","targetHints":{"allow":["GET"]}}],"collection":[{"href":"https:\/\/kalrez.com.mx\/index.php\/wp-json\/wp\/v2\/product"}],"about":[{"href":"https:\/\/kalrez.com.mx\/index.php\/wp-json\/wp\/v2\/types\/product"}],"wp:attachment":[{"href":"https:\/\/kalrez.com.mx\/index.php\/wp-json\/wp\/v2\/media?parent=4553"}],"wp:term":[{"taxonomy":"product_brand","embeddable":true,"href":"https:\/\/kalrez.com.mx\/index.php\/wp-json\/wp\/v2\/product_brand?post=4553"},{"taxonomy":"product_cat","embeddable":true,"href":"https:\/\/kalrez.com.mx\/index.php\/wp-json\/wp\/v2\/product_cat?post=4553"},{"taxonomy":"product_tag","embeddable":true,"href":"https:\/\/kalrez.com.mx\/index.php\/wp-json\/wp\/v2\/product_tag?post=4553"}],"curies":[{"name":"wp","href":"https:\/\/api.w.org\/{rel}","templated":true}]}}