{"id":4595,"date":"2026-03-18T00:27:12","date_gmt":"2026-03-18T00:27:12","guid":{"rendered":"https:\/\/kalrez.com.mx\/index.php\/producto\/kalt-139-0090-std-oring-1-b-1000819683-k\/"},"modified":"2026-03-18T00:56:22","modified_gmt":"2026-03-18T00:56:22","slug":"kalt-139-0090-std-oring-1-b-1000819683-k","status":"publish","type":"product","link":"https:\/\/kalrez.com.mx\/index.php\/producto\/kalt-139-0090-std-oring-1-b-1000819683-k\/","title":{"rendered":"KALT 139\/0090 STD ORING 1\/B-1000819683\/K"},"content":{"rendered":"<p>Compuesto de alta dureza y alto m\u00f3dulo con excelente resistencia a extrusi\u00f3n y descompresi\u00f3n r\u00e1pida de gas (RGD).<\/p>\n<ul>\n<li><strong>SKU:<\/strong> KALEB15083932<\/li>\n<li><strong>Descripci\u00f3n fabricante:<\/strong> KALT 139\/0090 STD ORING 1\/B-1000819683\/K<\/li>\n<li><strong>Compuesto:<\/strong> Kalrez\u00ae 0090<\/li>\n<li><strong>Tipo de producto:<\/strong> O-Ring est\u00e1ndar<\/li>\n<li><strong>Est\u00e1ndar:<\/strong> AS568\/Est\u00e1ndar<\/li>\n<li><strong>C\u00f3digo de medida:<\/strong> 139<\/li>\n<li><strong>Industria sugerida:<\/strong> Oil &#038; Gas \/ alta presi\u00f3n<\/li>\n<li><strong>Aplicaciones t\u00edpicas:<\/strong> Bombas, v\u00e1lvulas, compresores y equipo de fondo de pozo<\/li>\n<li><strong>Capacidades clave:<\/strong> RGD; Alta presi\u00f3n; Extrusi\u00f3n; Gas agrio<\/li>\n<li><strong>Temperatura m\u00e1xima sugerida:<\/strong> 225 \u00b0C sugerida<\/li>\n<li><strong>Dureza:<\/strong> 95 Shore A<\/li>\n<li><strong>Color:<\/strong> Negro<\/li>\n<li><strong>Cumplimiento\/observaciones:<\/strong> NORSOK \/ RGD<\/li>\n<\/ul>\n<p><em>Nota:<\/em> la selecci\u00f3n final del compuesto debe validarse con qu\u00edmico, temperatura, presi\u00f3n, dise\u00f1o del sello y condiciones de operaci\u00f3n reales.<\/p>\n","protected":false},"excerpt":{"rendered":"<p>O-Ring est\u00e1ndar en FFKM Kalrez 0090 con c\u00f3digo de medida 139. Compuesto de alta dureza y alto m\u00f3dulo con excelente resistencia a extrusi\u00f3n y descompresi\u00f3n r\u00e1pida de gas (RGD). Recomendado cuando el criterio dominante es resistencia RGD y extrusi\u00f3n.<\/p>\n","protected":false},"featured_media":0,"template":"","meta":[],"product_brand":[],"product_cat":[55,52,69],"product_tag":[590,87,582,78,583,74,592,73,76,591,584],"class_list":{"0":"post-4595","1":"product","2":"type-product","3":"status-publish","5":"product_cat-kalrez-0090","6":"product_cat-kalrez-orings","7":"product_cat-kalrez-oil-gas-alta-presion","8":"product_tag-590","9":"product_tag-87","10":"product_tag-alta-presion","11":"product_tag-as568-estandar","12":"product_tag-extrusion","13":"product_tag-ffkm","14":"product_tag-gas-agrio","15":"product_tag-kalrez","16":"product_tag-o-ring","17":"product_tag-oil-gas","18":"product_tag-rgd","20":"first","21":"instock","22":"taxable","23":"shipping-taxable","24":"product-type-simple"},"_links":{"self":[{"href":"https:\/\/kalrez.com.mx\/index.php\/wp-json\/wp\/v2\/product\/4595","targetHints":{"allow":["GET"]}}],"collection":[{"href":"https:\/\/kalrez.com.mx\/index.php\/wp-json\/wp\/v2\/product"}],"about":[{"href":"https:\/\/kalrez.com.mx\/index.php\/wp-json\/wp\/v2\/types\/product"}],"wp:attachment":[{"href":"https:\/\/kalrez.com.mx\/index.php\/wp-json\/wp\/v2\/media?parent=4595"}],"wp:term":[{"taxonomy":"product_brand","embeddable":true,"href":"https:\/\/kalrez.com.mx\/index.php\/wp-json\/wp\/v2\/product_brand?post=4595"},{"taxonomy":"product_cat","embeddable":true,"href":"https:\/\/kalrez.com.mx\/index.php\/wp-json\/wp\/v2\/product_cat?post=4595"},{"taxonomy":"product_tag","embeddable":true,"href":"https:\/\/kalrez.com.mx\/index.php\/wp-json\/wp\/v2\/product_tag?post=4595"}],"curies":[{"name":"wp","href":"https:\/\/api.w.org\/{rel}","templated":true}]}}