{"id":4599,"date":"2026-03-18T00:27:15","date_gmt":"2026-03-18T00:27:15","guid":{"rendered":"https:\/\/kalrez.com.mx\/index.php\/producto\/kalz-228-7075-std-oring-1-b-1000203192-k\/"},"modified":"2026-03-18T00:56:26","modified_gmt":"2026-03-18T00:56:26","slug":"kalz-228-7075-std-oring-1-b-1000203192-k","status":"publish","type":"product","link":"https:\/\/kalrez.com.mx\/index.php\/producto\/kalz-228-7075-std-oring-1-b-1000203192-k\/","title":{"rendered":"KALZ 228\/7075 STD ORING 1\/B-1000203192\/K"},"content":{"rendered":"<p>Versi\u00f3n de mayor desempe\u00f1o mec\u00e1nico que 4079, con muy baja compresi\u00f3n permanente y mejor retenci\u00f3n de fuerza de sellado.<\/p>\n<ul>\n<li><strong>SKU:<\/strong> KALEB15391417<\/li>\n<li><strong>Descripci\u00f3n fabricante:<\/strong> KALZ 228\/7075 STD ORING 1\/B-1000203192\/K<\/li>\n<li><strong>Compuesto:<\/strong> Kalrez\u00ae Spectrum\u2122 7075<\/li>\n<li><strong>Tipo de producto:<\/strong> O-Ring est\u00e1ndar<\/li>\n<li><strong>Est\u00e1ndar:<\/strong> AS568\/Est\u00e1ndar<\/li>\n<li><strong>C\u00f3digo de medida:<\/strong> 228<\/li>\n<li><strong>Industria sugerida:<\/strong> Procesos qu\u00edmicos<\/li>\n<li><strong>Aplicaciones t\u00edpicas:<\/strong> O-rings y sellos para ambientes qu\u00edmicos e hidrocarburos<\/li>\n<li><strong>Capacidades clave:<\/strong> Alta temperatura; Baja compresi\u00f3n permanente; Ciclos t\u00e9rmicos<\/li>\n<li><strong>Temperatura m\u00e1xima sugerida:<\/strong> 327 \u00b0C<\/li>\n<li><strong>Dureza:<\/strong> 75 Shore A<\/li>\n<li><strong>Color:<\/strong> Negro<\/li>\n<li><strong>Cumplimiento\/observaciones:<\/strong> FFKM de alto desempe\u00f1o<\/li>\n<\/ul>\n<p><em>Nota:<\/em> la selecci\u00f3n final del compuesto debe validarse con qu\u00edmico, temperatura, presi\u00f3n, dise\u00f1o del sello y condiciones de operaci\u00f3n reales.<\/p>\n","protected":false},"excerpt":{"rendered":"<p>O-Ring est\u00e1ndar en FFKM Kalrez 7075 con c\u00f3digo de medida 228. Versi\u00f3n de mayor desempe\u00f1o mec\u00e1nico que 4079, con muy baja compresi\u00f3n permanente y mejor retenci\u00f3n de fuerza de sellado. Muy \u00fatil cuando importa la estabilidad del sello en alta temperatura y ciclos t\u00e9rmicos.<\/p>\n","protected":false},"featured_media":0,"template":"","meta":[],"product_brand":[],"product_cat":[61,52,65],"product_tag":[218,531,92,78,108,532,74,73,76,77],"class_list":{"0":"post-4599","1":"product","2":"type-product","3":"status-publish","5":"product_cat-kalrez-7075","6":"product_cat-kalrez-orings","7":"product_cat-kalrez-procesos-quimicos","8":"product_tag-218","9":"product_tag-531","10":"product_tag-alta-temperatura","11":"product_tag-as568-estandar","12":"product_tag-baja-compresion-permanente","13":"product_tag-ciclos-termicos","14":"product_tag-ffkm","15":"product_tag-kalrez","16":"product_tag-o-ring","17":"product_tag-procesos-quimicos","19":"first","20":"instock","21":"taxable","22":"shipping-taxable","23":"product-type-simple"},"_links":{"self":[{"href":"https:\/\/kalrez.com.mx\/index.php\/wp-json\/wp\/v2\/product\/4599","targetHints":{"allow":["GET"]}}],"collection":[{"href":"https:\/\/kalrez.com.mx\/index.php\/wp-json\/wp\/v2\/product"}],"about":[{"href":"https:\/\/kalrez.com.mx\/index.php\/wp-json\/wp\/v2\/types\/product"}],"wp:attachment":[{"href":"https:\/\/kalrez.com.mx\/index.php\/wp-json\/wp\/v2\/media?parent=4599"}],"wp:term":[{"taxonomy":"product_brand","embeddable":true,"href":"https:\/\/kalrez.com.mx\/index.php\/wp-json\/wp\/v2\/product_brand?post=4599"},{"taxonomy":"product_cat","embeddable":true,"href":"https:\/\/kalrez.com.mx\/index.php\/wp-json\/wp\/v2\/product_cat?post=4599"},{"taxonomy":"product_tag","embeddable":true,"href":"https:\/\/kalrez.com.mx\/index.php\/wp-json\/wp\/v2\/product_tag?post=4599"}],"curies":[{"name":"wp","href":"https:\/\/api.w.org\/{rel}","templated":true}]}}