{"id":4724,"date":"2026-03-18T00:29:13","date_gmt":"2026-03-18T00:29:13","guid":{"rendered":"https:\/\/kalrez.com.mx\/index.php\/producto\/kalt-230-7375-std-oring-1-b-91099149\/"},"modified":"2026-03-18T00:57:38","modified_gmt":"2026-03-18T00:57:38","slug":"kalt-230-7375-std-oring-1-b-91099149","status":"publish","type":"product","link":"https:\/\/kalrez.com.mx\/index.php\/producto\/kalt-230-7375-std-oring-1-b-91099149\/","title":{"rendered":"KALT 230\/7375 STD ORING 1\/B\/91099149"},"content":{"rendered":"<p>Compuesto muy fuerte para agua caliente\/vapor y ambientes qu\u00edmicos exigentes.<\/p>\n<ul>\n<li><strong>SKU:<\/strong> KALJC15558851<\/li>\n<li><strong>Descripci\u00f3n fabricante:<\/strong> KALT 230\/7375 STD ORING 1\/B\/91099149<\/li>\n<li><strong>Compuesto:<\/strong> Kalrez\u00ae Spectrum\u2122 7375<\/li>\n<li><strong>Tipo de producto:<\/strong> O-Ring est\u00e1ndar<\/li>\n<li><strong>Est\u00e1ndar:<\/strong> AS568\/Est\u00e1ndar<\/li>\n<li><strong>C\u00f3digo de medida:<\/strong> 230<\/li>\n<li><strong>Industria sugerida:<\/strong> Procesos qu\u00edmicos \/ vapor<\/li>\n<li><strong>Aplicaciones t\u00edpicas:<\/strong> V\u00e1lvulas, equipos de proceso y servicios con agua caliente\/vapor<\/li>\n<li><strong>Capacidades clave:<\/strong> Agua caliente; Vapor; Alta temperatura<\/li>\n<li><strong>Temperatura m\u00e1xima sugerida:<\/strong> 300 \u00b0C<\/li>\n<li><strong>Dureza:<\/strong> 77 Shore A<\/li>\n<li><strong>Color:<\/strong> Negro<\/li>\n<li><strong>Cumplimiento\/observaciones:<\/strong> FFKM de alto desempe\u00f1o<\/li>\n<\/ul>\n<p><em>Nota:<\/em> la selecci\u00f3n final del compuesto debe validarse con qu\u00edmico, temperatura, presi\u00f3n, dise\u00f1o del sello y condiciones de operaci\u00f3n reales.<\/p>\n","protected":false},"excerpt":{"rendered":"<p>O-Ring est\u00e1ndar en FFKM Kalrez 7375 con c\u00f3digo de medida 230. Compuesto muy fuerte para agua caliente\/vapor y ambientes qu\u00edmicos exigentes. Una de las mejores opciones para agua caliente y vapor dentro del portafolio Kalrez.<\/p>\n","protected":false},"featured_media":0,"template":"","meta":[],"product_brand":[],"product_cat":[63,52,68],"product_tag":[220,88,90,92,78,74,73,76,77,91],"class_list":{"0":"post-4724","1":"product","2":"type-product","3":"status-publish","5":"product_cat-kalrez-7375","6":"product_cat-kalrez-orings","7":"product_cat-kalrez-procesos-quimicos-vapor","8":"product_tag-220","9":"product_tag-88","10":"product_tag-agua-caliente","11":"product_tag-alta-temperatura","12":"product_tag-as568-estandar","13":"product_tag-ffkm","14":"product_tag-kalrez","15":"product_tag-o-ring","16":"product_tag-procesos-quimicos","17":"product_tag-vapor","19":"first","20":"instock","21":"taxable","22":"shipping-taxable","23":"product-type-simple"},"_links":{"self":[{"href":"https:\/\/kalrez.com.mx\/index.php\/wp-json\/wp\/v2\/product\/4724","targetHints":{"allow":["GET"]}}],"collection":[{"href":"https:\/\/kalrez.com.mx\/index.php\/wp-json\/wp\/v2\/product"}],"about":[{"href":"https:\/\/kalrez.com.mx\/index.php\/wp-json\/wp\/v2\/types\/product"}],"wp:attachment":[{"href":"https:\/\/kalrez.com.mx\/index.php\/wp-json\/wp\/v2\/media?parent=4724"}],"wp:term":[{"taxonomy":"product_brand","embeddable":true,"href":"https:\/\/kalrez.com.mx\/index.php\/wp-json\/wp\/v2\/product_brand?post=4724"},{"taxonomy":"product_cat","embeddable":true,"href":"https:\/\/kalrez.com.mx\/index.php\/wp-json\/wp\/v2\/product_cat?post=4724"},{"taxonomy":"product_tag","embeddable":true,"href":"https:\/\/kalrez.com.mx\/index.php\/wp-json\/wp\/v2\/product_tag?post=4724"}],"curies":[{"name":"wp","href":"https:\/\/api.w.org\/{rel}","templated":true}]}}