{"id":4794,"date":"2026-03-18T00:30:20","date_gmt":"2026-03-18T00:30:20","guid":{"rendered":"https:\/\/kalrez.com.mx\/index.php\/producto\/kalt-132-6380-std-oring-1-b-2\/"},"modified":"2026-03-18T00:58:18","modified_gmt":"2026-03-18T00:58:18","slug":"kalt-132-6380-std-oring-1-b-2","status":"publish","type":"product","link":"https:\/\/kalrez.com.mx\/index.php\/producto\/kalt-132-6380-std-oring-1-b-2\/","title":{"rendered":"KALT 132\/6380 STD ORING 1\/B"},"content":{"rendered":"<p>Desarrollado para aminas calientes y agresivas; tambi\u00e9n funciona muy bien en ambientes fuertemente oxidantes.<\/p>\n<ul>\n<li><strong>SKU:<\/strong> KAL133624443<\/li>\n<li><strong>Descripci\u00f3n fabricante:<\/strong> KALT 132\/6380 STD ORING 1\/B<\/li>\n<li><strong>Compuesto:<\/strong> Kalrez\u00ae Spectrum\u2122 6380<\/li>\n<li><strong>Tipo de producto:<\/strong> O-Ring est\u00e1ndar<\/li>\n<li><strong>Est\u00e1ndar:<\/strong> AS568\/Est\u00e1ndar<\/li>\n<li><strong>C\u00f3digo de medida:<\/strong> 132<\/li>\n<li><strong>Industria sugerida:<\/strong> Procesos qu\u00edmicos<\/li>\n<li><strong>Aplicaciones t\u00edpicas:<\/strong> O-rings para servicio severo en qu\u00edmica agresiva<\/li>\n<li><strong>Capacidades clave:<\/strong> Aminas fuertes; Oxidantes; Sellado est\u00e1tico y din\u00e1mico<\/li>\n<li><strong>Temperatura m\u00e1xima sugerida:<\/strong> 225 \u00b0C<\/li>\n<li><strong>Dureza:<\/strong> 80 Shore A<\/li>\n<li><strong>Color:<\/strong> Crema<\/li>\n<li><strong>Cumplimiento\/observaciones:<\/strong> FFKM de alto desempe\u00f1o<\/li>\n<\/ul>\n<p><em>Nota:<\/em> la selecci\u00f3n final del compuesto debe validarse con qu\u00edmico, temperatura, presi\u00f3n, dise\u00f1o del sello y condiciones de operaci\u00f3n reales.<\/p>\n","protected":false},"excerpt":{"rendered":"<p>O-Ring est\u00e1ndar en FFKM Kalrez 6380 con c\u00f3digo de medida 132. Desarrollado para aminas calientes y agresivas; tambi\u00e9n funciona muy bien en ambientes fuertemente oxidantes. Grado de referencia para aminas calientes donde otros elast\u00f3meros presentan hinchamiento.<\/p>\n","protected":false},"featured_media":0,"template":"","meta":[],"product_brand":[],"product_cat":[60,52,65],"product_tag":[100,99,101,78,74,73,76,102,77,103],"class_list":{"0":"post-4794","1":"product","2":"type-product","3":"status-publish","5":"product_cat-kalrez-6380","6":"product_cat-kalrez-orings","7":"product_cat-kalrez-procesos-quimicos","8":"product_tag-100","9":"product_tag-99","10":"product_tag-aminas-fuertes","11":"product_tag-as568-estandar","12":"product_tag-ffkm","13":"product_tag-kalrez","14":"product_tag-o-ring","15":"product_tag-oxidantes","16":"product_tag-procesos-quimicos","17":"product_tag-sellado-estatico-y-dinamico","19":"first","20":"instock","21":"taxable","22":"shipping-taxable","23":"product-type-simple"},"_links":{"self":[{"href":"https:\/\/kalrez.com.mx\/index.php\/wp-json\/wp\/v2\/product\/4794","targetHints":{"allow":["GET"]}}],"collection":[{"href":"https:\/\/kalrez.com.mx\/index.php\/wp-json\/wp\/v2\/product"}],"about":[{"href":"https:\/\/kalrez.com.mx\/index.php\/wp-json\/wp\/v2\/types\/product"}],"wp:attachment":[{"href":"https:\/\/kalrez.com.mx\/index.php\/wp-json\/wp\/v2\/media?parent=4794"}],"wp:term":[{"taxonomy":"product_brand","embeddable":true,"href":"https:\/\/kalrez.com.mx\/index.php\/wp-json\/wp\/v2\/product_brand?post=4794"},{"taxonomy":"product_cat","embeddable":true,"href":"https:\/\/kalrez.com.mx\/index.php\/wp-json\/wp\/v2\/product_cat?post=4794"},{"taxonomy":"product_tag","embeddable":true,"href":"https:\/\/kalrez.com.mx\/index.php\/wp-json\/wp\/v2\/product_tag?post=4794"}],"curies":[{"name":"wp","href":"https:\/\/api.w.org\/{rel}","templated":true}]}}